{"id":21805,"date":"2019-09-30T14:09:09","date_gmt":"2019-09-30T11:09:09","guid":{"rendered":"https:\/\/www.cartopsis.com\/blog\/"},"modified":"2020-09-14T21:46:30","modified_gmt":"2020-09-14T18:46:30","slug":"blog","status":"publish","type":"page","link":"https:\/\/www.cartopsis.com\/fr\/blog\/","title":{"rendered":"Blog"},"content":{"rendered":"<p>[vc_row row_type=\u00a0\u00bbrow\u00a0\u00bb use_row_as_full_screen_section=\u00a0\u00bbyes\u00a0\u00bb type=\u00a0\u00bbfull_width\u00a0\u00bb text_align=\u00a0\u00bbleft\u00a0\u00bb background_animation=\u00a0\u00bbnone\u00a0\u00bb side_padding=\u00a0\u00bb0&Prime; css_animation=\u00a0\u00bb\u00a0\u00bb background_color=\u00a0\u00bb#ffffff\u00a0\u00bb css=\u00a0\u00bb.vc_custom_1571433915551{background-color: #ffffff !important;}\u00a0\u00bb][vc_column][vc_row_inner row_type=\u00a0\u00bbrow\u00a0\u00bb type=\u00a0\u00bbfull_width\u00a0\u00bb use_row_as_full_screen_section_slide=\u00a0\u00bbno\u00a0\u00bb text_align=\u00a0\u00bbleft\u00a0\u00bb css_animation=\u00a0\u00bb\u00a0\u00bb][vc_column_inner offset=\u00a0\u00bbvc_hidden-sm vc_hidden-xs\u00a0\u00bb][vc_separator type=\u00a0\u00bbtransparent\u00a0\u00bb border_style=\u00a0\u00bb\u00a0\u00bb up=\u00a0\u00bb100&Prime; down=\u00a0\u00bb0&Prime;][\/vc_column_inner][\/vc_row_inner][vc_row_inner row_type=\u00a0\u00bbrow\u00a0\u00bb type=\u00a0\u00bbfull_width\u00a0\u00bb use_row_as_full_screen_section_slide=\u00a0\u00bbno\u00a0\u00bb text_align=\u00a0\u00bbleft\u00a0\u00bb css_animation=\u00a0\u00bb\u00a0\u00bb background_color=\u00a0\u00bb#ffffff\u00a0\u00bb css=\u00a0\u00bb.vc_custom_1574175130334{background-color: #ffffff !important;}\u00a0\u00bb el_class=\u00a0\u00bbmobile-padding\u00a0\u00bb][vc_column_inner][vc_single_image image=\u00a0\u00bb22476&Prime; img_size=\u00a0\u00bbfull\u00a0\u00bb alignment=\u00a0\u00bbright\u00a0\u00bb qode_css_animation=\u00a0\u00bb\u00a0\u00bb][\/vc_column_inner][\/vc_row_inner][\/vc_column][\/vc_row][vc_row row_type=\u00a0\u00bbrow\u00a0\u00bb use_row_as_full_screen_section=\u00a0\u00bbno\u00a0\u00bb type=\u00a0\u00bbgrid\u00a0\u00bb text_align=\u00a0\u00bbleft\u00a0\u00bb background_animation=\u00a0\u00bbnone\u00a0\u00bb css_animation=\u00a0\u00bb\u00a0\u00bb css=\u00a0\u00bb.vc_custom_1596097507254{background-color: #050505 !important;}\u00a0\u00bb background_color=\u00a0\u00bb#050505&Prime;][vc_column][vc_separator type=\u00a0\u00bbtransparent\u00a0\u00bb border_style=\u00a0\u00bb\u00a0\u00bb up=\u00a0\u00bb20&Prime;]<div class='latest_post_holder boxes four_columns five_rows'><ul><li class=\"clearfix\"><div class=\"boxes_image\"><a href=\"https:\/\/www.cartopsis.com\/fr\/turkish-debts-to-gazprom-and-ankara-s-alternatives\/\"><img width=\"550\" height=\"498\" src=\"https:\/\/www.cartopsis.com\/wp-content\/uploads\/2019\/10\/Turkish-hub_EN_small-550x498.jpg\" class=\"attachment-portfolio-default size-portfolio-default wp-post-image\" alt=\"\" loading=\"lazy\" srcset=\"https:\/\/www.cartopsis.com\/wp-content\/uploads\/2019\/10\/Turkish-hub_EN_small-550x498.jpg 550w, https:\/\/www.cartopsis.com\/wp-content\/uploads\/2019\/10\/Turkish-hub_EN_small-480x434.jpg 480w, https:\/\/www.cartopsis.com\/wp-content\/uploads\/2019\/10\/Turkish-hub_EN_small-125x112.jpg 125w\" sizes=\"(max-width: 550px) 100vw, 550px\" \/><span class=\"latest_post_overlay\"><i class=\"icon_plus\" aria-hidden=\"true\"><\/i><\/span><\/a><\/div><div class=\"latest_post\" ><div class=\"latest_post_text\"><span class=\"date_holder post_info_section\"><span class=\"date\">juillet 28, 2020<\/span><\/span><h4 class=\"latest_post_title \"><a href=\"https:\/\/www.cartopsis.com\/fr\/turkish-debts-to-gazprom-and-ankara-s-alternatives\/\">Turkish debts to Gazprom and Ankara&rsquo;s alternatives<\/a><\/h4><p class=\"excerpt\">Published on slpress.gr On June 15, in the midst of the Libyan crisis, where competition between Russia and Turkey was crystallizing, the Wall Street Journal decided to light up an additional thorn in...<\/p><\/div><\/div><\/li><li class=\"clearfix\"><div class=\"boxes_image\"><a href=\"https:\/\/www.cartopsis.com\/fr\/o-chartis-ton-chersaion-exoryxeon-stin-ellada-will-there-be-blood\/\"><img width=\"550\" height=\"498\" src=\"https:\/\/www.cartopsis.com\/wp-content\/uploads\/2019\/12\/\u0395\u03be\u03bf\u03c1\u03cd\u03be\u03b5\u03b9\u03c2_\u03bc\u03b9\u03ba\u03c1\u03cc-550x498.jpg\" class=\"attachment-portfolio-default size-portfolio-default wp-post-image\" alt=\"\" loading=\"lazy\" srcset=\"https:\/\/www.cartopsis.com\/wp-content\/uploads\/2019\/12\/\u0395\u03be\u03bf\u03c1\u03cd\u03be\u03b5\u03b9\u03c2_\u03bc\u03b9\u03ba\u03c1\u03cc-550x498.jpg 550w, https:\/\/www.cartopsis.com\/wp-content\/uploads\/2019\/12\/\u0395\u03be\u03bf\u03c1\u03cd\u03be\u03b5\u03b9\u03c2_\u03bc\u03b9\u03ba\u03c1\u03cc-480x434.jpg 480w, https:\/\/www.cartopsis.com\/wp-content\/uploads\/2019\/12\/\u0395\u03be\u03bf\u03c1\u03cd\u03be\u03b5\u03b9\u03c2_\u03bc\u03b9\u03ba\u03c1\u03cc-125x112.jpg 125w\" sizes=\"(max-width: 550px) 100vw, 550px\" \/><span class=\"latest_post_overlay\"><i class=\"icon_plus\" aria-hidden=\"true\"><\/i><\/span><\/a><\/div><div class=\"latest_post\" ><div class=\"latest_post_text\"><span class=\"date_holder post_info_section\"><span class=\"date\">mai 27, 2020<\/span><\/span><h4 class=\"latest_post_title \"><a href=\"https:\/\/www.cartopsis.com\/fr\/o-chartis-ton-chersaion-exoryxeon-stin-ellada-will-there-be-blood\/\">\u039f \u03c7\u03ac\u03c1\u03c4\u03b7\u03c2 \u03c4\u03c9\u03bd \u03c7\u03b5\u03c1\u03c3\u03b1\u03af\u03c9\u03bd \u03b5\u03be\u03bf\u03c1\u03cd\u03be\u03b5\u03c9\u03bd \u03c3\u03c4\u03b7\u03bd \u0395\u03bb\u03bb\u03ac\u03b4\u03b1 Will there be blood?<\/a><\/h4><p class=\"excerpt\">\u0394\u03b7\u03bc\u03bf\u03c3\u03b9\u03b5\u03cd\u03c4\u03b7\u03ba\u03b5 \u03c3\u03c4\u03b7 Huffington Post \u039c\u03b5 \u03b1\u03c6\u03bf\u03c1\u03bc\u03ae \u03c4\u03b7\u03bd \u0395\u03c5\u03c1\u03c9\u03c0\u03b1\u03ca\u03ba\u03ae \u0397\u03bc\u03ad\u03c1\u03b1 Natura 2000 \u03ba\u03b1\u03b9 \u03c4\u03bf \u03bd\u03ad\u03bf \u03c0\u03b5\u03c1\u03b9\u03b2\u03b1\u03bb\u03bb\u03bf\u03bd\u03c4\u03b9\u03ba\u03cc \u03bd\u03bf\u03bc\u03bf\u03c3\u03c7\u03ad\u03b4\u03b9\u03bf, \u03ad\u03bd\u03b1 \u03c7\u03b1\u03c1\u03c4...<\/p><\/div><\/div><\/li><li class=\"clearfix\"><div class=\"boxes_image\"><a href=\"https:\/\/www.cartopsis.com\/fr\/to-geostratigiko-vathos-toy-diakyveymatos-sti-livyi\/\"><img width=\"550\" height=\"498\" src=\"https:\/\/www.cartopsis.com\/wp-content\/uploads\/2020\/01\/Libya_EL-550x498.jpg\" class=\"attachment-portfolio-default size-portfolio-default wp-post-image\" alt=\"\" loading=\"lazy\" srcset=\"https:\/\/www.cartopsis.com\/wp-content\/uploads\/2020\/01\/Libya_EL-550x498.jpg 550w, https:\/\/www.cartopsis.com\/wp-content\/uploads\/2020\/01\/Libya_EL-480x434.jpg 480w, https:\/\/www.cartopsis.com\/wp-content\/uploads\/2020\/01\/Libya_EL-125x112.jpg 125w\" sizes=\"(max-width: 550px) 100vw, 550px\" \/><span class=\"latest_post_overlay\"><i class=\"icon_plus\" aria-hidden=\"true\"><\/i><\/span><\/a><\/div><div class=\"latest_post\" ><div class=\"latest_post_text\"><span class=\"date_holder post_info_section\"><span class=\"date\">janvier 10, 2020<\/span><\/span><h4 class=\"latest_post_title \"><a href=\"https:\/\/www.cartopsis.com\/fr\/to-geostratigiko-vathos-toy-diakyveymatos-sti-livyi\/\">\u03a4\u03bf \u03b3\u03b5\u03c9\u03c3\u03c4\u03c1\u03b1\u03c4\u03b7\u03b3\u03b9\u03ba\u03cc \u03b2\u03ac\u03b8\u03bf\u03c2 \u03c4\u03bf\u03c5 \u03b4\u03b9\u03b1\u03ba\u03c5\u03b2\u03b5\u03cd\u03bc\u03b1\u03c4\u03bf\u03c2 \u03c3\u03c4\u03b7 \u039b\u03b9\u03b2\u03cd\u03b7<\/a><\/h4><p class=\"excerpt\">\u00a0 \u0394\u03b7\u03bc\u03bf\u03c3\u03b9\u03b5\u03cd\u03c4\u03b7\u03ba\u03b5 \u03c3\u03c4\u03bf liberal.gr \u0397 \u03b5\u03be\u03ad\u03b3\u03b5\u03c1\u03c3\u03b7 \u03c4\u03bf\u03c5 2011 \u03ba\u03b1\u03b9 \u03b7 \u03c0\u03c4\u03ce\u03c3\u03b7 \u03c4\u03bf\u03c5 \u039c\u03bf\u03c5\u03b1\u03bc\u03ac\u03c1 \u039a\u03b1\u03bd\u03c4\u03ac\u03c6\u03b9 \u03c3\u03ae\u03bc\u03b1\u03bd\u03b5 \u03c4\u03bf \u03c4\u03ad\u03bb\u03bf\u03c2 \u03c4\u03b7\u03c2 \u039b\u03b9\u03b2\u03c5\u03ba\u03ae\u03c2 \u03a4\u03b6\u03b1\u03bc\u03b1\u03c7?...<\/p><\/div><\/div><\/li><li class=\"clearfix\"><div class=\"boxes_image\"><a href=\"https:\/\/www.cartopsis.com\/fr\/qu-est-ce-que-la-cartographie-thematique\/\"><img width=\"550\" height=\"498\" src=\"https:\/\/www.cartopsis.com\/wp-content\/uploads\/2019\/10\/map1-4-550x498.png\" class=\"attachment-portfolio-default size-portfolio-default wp-post-image\" alt=\"\" loading=\"lazy\" srcset=\"https:\/\/www.cartopsis.com\/wp-content\/uploads\/2019\/10\/map1-4-550x498.png 550w, https:\/\/www.cartopsis.com\/wp-content\/uploads\/2019\/10\/map1-4-480x434.png 480w, https:\/\/www.cartopsis.com\/wp-content\/uploads\/2019\/10\/map1-4-125x112.png 125w\" sizes=\"(max-width: 550px) 100vw, 550px\" \/><span class=\"latest_post_overlay\"><i class=\"icon_plus\" aria-hidden=\"true\"><\/i><\/span><\/a><\/div><div class=\"latest_post\" ><div class=\"latest_post_text\"><span class=\"date_holder post_info_section\"><span class=\"date\">octobre 18, 2019<\/span><\/span><h4 class=\"latest_post_title \"><a href=\"https:\/\/www.cartopsis.com\/fr\/qu-est-ce-que-la-cartographie-thematique\/\">Qu\u2019est-ce que la cartographie th\u00e9matique\u00a0?<\/a><\/h4><p class=\"excerpt\">D\u00e9finitions et probl\u00e9matiques Premier abord Une \u00ab\u00a0carte th\u00e9matique\u00a0\u00bb est une carte qui porte de l\u2019int\u00e9r\u00eat sur un th\u00e8me particulier ou sur un espace d\u00e9limit\u00e9. Cette caract\u00e9ristique se si...<\/p><\/div><\/div><\/li><\/ul><\/div>[\/vc_column][\/vc_row][vc_row row_type=\u00a0\u00bbrow\u00a0\u00bb use_row_as_full_screen_section=\u00a0\u00bbno\u00a0\u00bb type=\u00a0\u00bbgrid\u00a0\u00bb text_align=\u00a0\u00bbleft\u00a0\u00bb background_animation=\u00a0\u00bbnone\u00a0\u00bb css_animation=\u00a0\u00bb\u00a0\u00bb css=\u00a0\u00bb.vc_custom_1596097527985{background-color: #ffffff !important;}\u00a0\u00bb background_color=\u00a0\u00bb#ffffff\u00a0\u00bb][vc_column][vc_separator type=\u00a0\u00bbtransparent\u00a0\u00bb border_style=\u00a0\u00bb\u00a0\u00bb up=\u00a0\u00bb20&Prime;][vc_column_text]<\/p>\n<h3>Liens Externes<\/h3>\n<p>[\/vc_column_text][vc_separator type=\u00a0\u00bbtransparent\u00a0\u00bb border_style=\u00a0\u00bb\u00a0\u00bb up=\u00a0\u00bb10&Prime;][vc_row_inner row_type=\u00a0\u00bbrow\u00a0\u00bb type=\u00a0\u00bbfull_width\u00a0\u00bb use_row_as_full_screen_section_slide=\u00a0\u00bbno\u00a0\u00bb text_align=\u00a0\u00bbleft\u00a0\u00bb css_animation=\u00a0\u00bb\u00a0\u00bb el_id=\u00a0\u00bbexoterikoisundesmoi\u00a0\u00bb][vc_column_inner width=\u00a0\u00bb1\/4&Prime;][vc_column_text]<img loading=\"lazy\" class=\"size-medium wp-image-23051 aligncenter\" src=\"https:\/\/www.cartopsis.com\/wp-content\/uploads\/2020\/01\/worldatlas-300x175.jpg\" alt=\"\" width=\"300\" height=\"175\" srcset=\"https:\/\/www.cartopsis.com\/wp-content\/uploads\/2020\/01\/worldatlas-300x175.jpg 300w, https:\/\/www.cartopsis.com\/wp-content\/uploads\/2020\/01\/worldatlas-700x409.jpg 700w, https:\/\/www.cartopsis.com\/wp-content\/uploads\/2020\/01\/worldatlas.jpg 728w\" sizes=\"(max-width: 300px) 100vw, 300px\" \/><\/p>\n<p><a href=\"https:\/\/www.worldatlas.com\/what-is-cartography.html\">What Is Cartography?<\/a><\/p>\n<p>Cartography is the study and practice of creating maps to communicate spatial, topographic, and geographic information effectively[\/vc_column_text][\/vc_column_inner][vc_column_inner width=\u00a0\u00bb1\/4&Prime;][vc_column_text]<img loading=\"lazy\" class=\"wp-image-23058 size-thumbnail aligncenter\" src=\"https:\/\/www.cartopsis.com\/wp-content\/uploads\/2020\/01\/pasted-file-17_med_hr-2-150x150.png\" alt=\"\" width=\"150\" height=\"150\" srcset=\"https:\/\/www.cartopsis.com\/wp-content\/uploads\/2020\/01\/pasted-file-17_med_hr-2-150x150.png 150w, https:\/\/www.cartopsis.com\/wp-content\/uploads\/2020\/01\/pasted-file-17_med_hr-2-550x550.png 550w, https:\/\/www.cartopsis.com\/wp-content\/uploads\/2020\/01\/pasted-file-17_med_hr-2-500x500.png 500w\" sizes=\"(max-width: 150px) 100vw, 150px\" \/><\/p>\n<p><a href=\"http:\/\/www.hypergeo.eu\/spip.php?article377\">Cartographie th\u00e9matique<\/a><\/p>\n<p>La cartographie th\u00e9matique fait partie de ce qu\u2019on appelle plus g\u00e9n\u00e9ralement la <strong>\u00ab\u00a0repr\u00e9sentation\u00a0\u00bb<\/strong> cartographique[\/vc_column_text][\/vc_column_inner][vc_column_inner width=\u00a0\u00bb1\/4&Prime;][vc_column_text]<strong><img loading=\"lazy\" class=\"size-full wp-image-23103 aligncenter\" src=\"https:\/\/www.cartopsis.com\/wp-content\/uploads\/2020\/05\/Ortelius.jpg\" alt=\"\" width=\"300\" height=\"229\" \/><\/strong><\/p>\n<p><a href=\"https:\/\/antifono.gr\/%cf%87%ce%ac%cf%81%cf%84%ce%b5%cf%82-%ce%ba%ce%b1%ce%b9-%ce%b5%cf%80%ce%b9%ce%ba%cf%81%ce%ac%cf%84%ce%b5%ce%b9%ce%b5%cf%82-%ce%b5%ce%b9%cf%83%ce%b1%ce%b3%cf%89%ce%b3%ce%b9%ce%ba%ce%ad%cf%82-%cf%80\/\">\u03a7\u03ac\u03c1\u03c4\u03b5\u03c2 \u03ba\u03b1\u03b9 \u03b5\u03c0\u03b9\u03ba\u03c1\u03ac\u03c4\u03b5\u03b9\u03b5\u03c2: \u03b5\u03b9\u03c3\u03b1\u03b3\u03c9\u03b3\u03b9\u03ba\u03ad\u03c2 \u03c0\u03b1\u03c1\u03b1\u03c4\u03b7\u03c1\u03ae\u03c3\u03b5\u03b9\u03c2 \u03b3\u03b9\u03b1 \u03c4\u03b7\u03bd \u03b5\u03c0\u03b9\u03c3\u03c4\u03ae\u03bc\u03b7 \u03ba\u03b1\u03b9 \u03c4\u03b7 \u03b8\u03c1\u03b7\u03c3\u03ba\u03b5\u03af\u03b1<\/a><\/p>\n<p><span class=\"s1\">\u0391\u03bd \u03ad\u03bd\u03b1\u03c2 \u03b9\u03c3\u03c4\u03bf\u03c1\u03b9\u03ba\u03cc\u03c2 \u03b4\u03b9\u03b1\u03c4\u03b5\u03b9\u03bd\u03cc\u03c4\u03b1\u03bd \u03c0\u03c9\u03c2 \u03b5\u03af\u03c7\u03b5 \u03b1\u03bd\u03b1\u03ba\u03b1\u03bb\u03cd\u03c8\u03b5\u03b9 \u03c3\u03c4\u03bf\u03b9\u03c7\u03b5\u03af\u03b1 \u03b5\u03bd\u03cc\u03c2 \u03bc\u03ad\u03c7\u03c1\u03b9 \u03c0\u03c1\u03cc\u03c4\u03b9\u03bd\u03bf\u03c2 \u03b1\u03b3\u03bd\u03ce\u03c3\u03c4\u03bf\u03c5 \u03c0\u03bf\u03bb\u03ad\u03bc\u03bf\u03c5 \u03c0\u03bf\u03c5 \u03b5\u03af\u03c7\u03b5 \u03be\u03b5\u03c3\u03c0\u03ac\u03c3\u03b5\u03b9 \u03c4\u03bf \u03ad\u03c4\u03bf\u03c2 1600 \u03b1\u03bd\u03ac\u03bc\u03b5\u03c3\u03b1 \u03c3\u03c4\u03bf \u0399\u03c3\u03c1\u03b1\u03ae\u03bb \u03ba\u03b1\u03b9 \u03c4\u03b7\u03bd \u0391\u03af\u03b3\u03c5\u03c0\u03c4\u03bf, \u03bf \u03b9\u03c3\u03c7\u03c5\u03c1\u03b9\u03c3\u03bc\u03cc\u03c2 \u03c4\u03bf\u03c5 \u03b8\u03b1 \u03b1\u03bd\u03c4\u03b9\u03bc\u03b5\u03c4\u03c9\u03c0\u03b9\u03b6\u03cc\u03c4\u03b1\u03bd \u03bc\u03b5 \u03ba\u03ac\u03c0\u03bf\u03b9\u03bf \u03c3\u03ba\u03b5\u03c0\u03c4\u03b9\u03ba\u03b9\u03c3\u03bc\u03cc.<\/span>[\/vc_column_text][\/vc_column_inner][vc_column_inner width=\u00a0\u00bb1\/4&Prime;][vc_column_text]<img loading=\"lazy\" class=\"size-medium wp-image-23106 aligncenter\" src=\"https:\/\/www.cartopsis.com\/wp-content\/uploads\/2020\/05\/Leibniz-300x281.jpg\" alt=\"\" width=\"300\" height=\"281\" srcset=\"https:\/\/www.cartopsis.com\/wp-content\/uploads\/2020\/05\/Leibniz-300x281.jpg 300w, https:\/\/www.cartopsis.com\/wp-content\/uploads\/2020\/05\/Leibniz.jpg 675w\" sizes=\"(max-width: 300px) 100vw, 300px\" \/><\/p>\n<p><a href=\"https:\/\/visionscarto.net\/leibniz-un-philosophe-du-graphisme\">Leibniz, un philosophe du graphisme<\/a><\/p>\n<p>La vie intellectuelle de Leibniz fut incroyablement prolifique et cr\u00e9ative. Un sujet l\u2019int\u00e9ressa en particulier : la cr\u00e9ation d\u2019un langage universel.[\/vc_column_text][\/vc_column_inner][\/vc_row_inner][vc_row_inner row_type=\u00a0\u00bbrow\u00a0\u00bb type=\u00a0\u00bbfull_width\u00a0\u00bb use_row_as_full_screen_section_slide=\u00a0\u00bbno\u00a0\u00bb text_align=\u00a0\u00bbleft\u00a0\u00bb css_animation=\u00a0\u00bb\u00a0\u00bb][vc_column_inner width=\u00a0\u00bb1\/4&Prime;][vc_column_text]<a href=\"https:\/\/www.worldatlas.com\/what-is-cartography.html\"><img loading=\"lazy\" class=\"alignnone size-large wp-image-23333\" src=\"https:\/\/www.cartopsis.com\/wp-content\/uploads\/2020\/09\/fond-carte-1024x715.jpg\" alt=\"\" width=\"215\" height=\"150\" srcset=\"https:\/\/www.cartopsis.com\/wp-content\/uploads\/2020\/09\/fond-carte-1024x715.jpg 1024w, https:\/\/www.cartopsis.com\/wp-content\/uploads\/2020\/09\/fond-carte-300x210.jpg 300w, https:\/\/www.cartopsis.com\/wp-content\/uploads\/2020\/09\/fond-carte-768x536.jpg 768w, https:\/\/www.cartopsis.com\/wp-content\/uploads\/2020\/09\/fond-carte-700x489.jpg 700w, https:\/\/www.cartopsis.com\/wp-content\/uploads\/2020\/09\/fond-carte-1100x768.jpg 1100w, https:\/\/www.cartopsis.com\/wp-content\/uploads\/2020\/09\/fond-carte.jpg 1200w\" sizes=\"(max-width: 215px) 100vw, 215px\" \/><\/a><\/p>\n<p><a href=\"https:\/\/visionscarto.net\/accaparement-des-terres\">L&rsquo;Europe \u00e0 l&rsquo;assault des terres mondiales<\/a><\/p>\n<p>C\u2019est la ru\u00e9e sur les terres arables. La main mise par les soci\u00e9t\u00e9s agro-industrielles et les sp\u00e9culateurs, notamment europ\u00e9ens, sur les terres agricoles mondiales n\u2019a jamais \u00e9t\u00e9 aussi vigoureuse.[\/vc_column_text][\/vc_column_inner][\/vc_row_inner][\/vc_column][\/vc_row]<\/p>\n","protected":false},"excerpt":{"rendered":"<p>[vc_row row_type=\u00a0\u00bbrow\u00a0\u00bb use_row_as_full_screen_section=\u00a0\u00bbyes\u00a0\u00bb type=\u00a0\u00bbfull_width\u00a0\u00bb text_align=\u00a0\u00bbleft\u00a0\u00bb background_animation=\u00a0\u00bbnone\u00a0\u00bb side_padding=\u00a0\u00bb0&Prime; css_animation=\u00a0\u00bb\u00a0\u00bb background_color=\u00a0\u00bb#ffffff\u00a0\u00bb css=\u00a0\u00bb.vc_custom_1571433915551{background-color: #ffffff !important;}\u00a0\u00bb][vc_column][vc_row_inner row_type=\u00a0\u00bbrow\u00a0\u00bb type=\u00a0\u00bbfull_width\u00a0\u00bb use_row_as_full_screen_section_slide=\u00a0\u00bbno\u00a0\u00bb text_align=\u00a0\u00bbleft\u00a0\u00bb css_animation=\u00a0\u00bb\u00a0\u00bb][vc_column_inner offset=\u00a0\u00bbvc_hidden-sm vc_hidden-xs\u00a0\u00bb][vc_separator type=\u00a0\u00bbtransparent\u00a0\u00bb border_style=\u00a0\u00bb\u00a0\u00bb up=\u00a0\u00bb100&Prime; down=\u00a0\u00bb0&Prime;][\/vc_column_inner][\/vc_row_inner][vc_row_inner row_type=\u00a0\u00bbrow\u00a0\u00bb type=\u00a0\u00bbfull_width\u00a0\u00bb use_row_as_full_screen_section_slide=\u00a0\u00bbno\u00a0\u00bb text_align=\u00a0\u00bbleft\u00a0\u00bb css_animation=\u00a0\u00bb\u00a0\u00bb background_color=\u00a0\u00bb#ffffff\u00a0\u00bb css=\u00a0\u00bb.vc_custom_1574175130334{background-color: #ffffff !important;}\u00a0\u00bb el_class=\u00a0\u00bbmobile-padding\u00a0\u00bb][vc_column_inner][vc_single_image image=\u00a0\u00bb22476&Prime; img_size=\u00a0\u00bbfull\u00a0\u00bb alignment=\u00a0\u00bbright\u00a0\u00bb qode_css_animation=\u00a0\u00bb\u00a0\u00bb][\/vc_column_inner][\/vc_row_inner][\/vc_column][\/vc_row][vc_row row_type=\u00a0\u00bbrow\u00a0\u00bb use_row_as_full_screen_section=\u00a0\u00bbno\u00a0\u00bb type=\u00a0\u00bbgrid\u00a0\u00bb text_align=\u00a0\u00bbleft\u00a0\u00bb background_animation=\u00a0\u00bbnone\u00a0\u00bb css_animation=\u00a0\u00bb\u00a0\u00bb css=\u00a0\u00bb.vc_custom_1596097507254{background-color: #050505&#8230;<\/p>\n","protected":false},"author":1,"featured_media":0,"parent":0,"menu_order":0,"comment_status":"closed","ping_status":"closed","template":"full_width.php","meta":[],"yoast_head":"<!-- This site is optimized with the Yoast SEO plugin v14.8 - https:\/\/yoast.com\/wordpress\/plugins\/seo\/ -->\n<title>Blog - Cartopsis<\/title>\n<meta name=\"robots\" content=\"index, follow\" \/>\n<meta name=\"googlebot\" content=\"index, follow, max-snippet:-1, max-image-preview:large, max-video-preview:-1\" \/>\n<meta name=\"bingbot\" content=\"index, follow, max-snippet:-1, max-image-preview:large, max-video-preview:-1\" \/>\n<link rel=\"canonical\" href=\"https:\/\/www.cartopsis.com\/fr\/blog\/\" \/>\n<meta property=\"og:locale\" content=\"fr_FR\" \/>\n<meta property=\"og:type\" content=\"article\" \/>\n<meta property=\"og:title\" content=\"Blog - Cartopsis\" \/>\n<meta property=\"og:description\" content=\"[vc_row row_type=\u00a0\u00bbrow\u00a0\u00bb use_row_as_full_screen_section=\u00a0\u00bbyes\u00a0\u00bb type=\u00a0\u00bbfull_width\u00a0\u00bb text_align=\u00a0\u00bbleft\u00a0\u00bb background_animation=\u00a0\u00bbnone\u00a0\u00bb side_padding=\u00a0\u00bb0&Prime; css_animation=\u00a0\u00bb\u00a0\u00bb background_color=\u00a0\u00bb#ffffff\u00a0\u00bb css=\u00a0\u00bb.vc_custom_1571433915551{background-color: #ffffff !important;}\u00a0\u00bb][vc_column][vc_row_inner row_type=\u00a0\u00bbrow\u00a0\u00bb type=\u00a0\u00bbfull_width\u00a0\u00bb use_row_as_full_screen_section_slide=\u00a0\u00bbno\u00a0\u00bb text_align=\u00a0\u00bbleft\u00a0\u00bb css_animation=\u00a0\u00bb\u00a0\u00bb][vc_column_inner offset=\u00a0\u00bbvc_hidden-sm vc_hidden-xs\u00a0\u00bb][vc_separator type=\u00a0\u00bbtransparent\u00a0\u00bb border_style=\u00a0\u00bb\u00a0\u00bb up=\u00a0\u00bb100&Prime; down=\u00a0\u00bb0&Prime;][\/vc_column_inner][\/vc_row_inner][vc_row_inner row_type=\u00a0\u00bbrow\u00a0\u00bb type=\u00a0\u00bbfull_width\u00a0\u00bb use_row_as_full_screen_section_slide=\u00a0\u00bbno\u00a0\u00bb text_align=\u00a0\u00bbleft\u00a0\u00bb css_animation=\u00a0\u00bb\u00a0\u00bb background_color=\u00a0\u00bb#ffffff\u00a0\u00bb css=\u00a0\u00bb.vc_custom_1574175130334{background-color: #ffffff !important;}\u00a0\u00bb el_class=\u00a0\u00bbmobile-padding\u00a0\u00bb][vc_column_inner][vc_single_image image=\u00a0\u00bb22476&Prime; img_size=\u00a0\u00bbfull\u00a0\u00bb alignment=\u00a0\u00bbright\u00a0\u00bb qode_css_animation=\u00a0\u00bb\u00a0\u00bb][\/vc_column_inner][\/vc_row_inner][\/vc_column][\/vc_row][vc_row row_type=\u00a0\u00bbrow\u00a0\u00bb use_row_as_full_screen_section=\u00a0\u00bbno\u00a0\u00bb type=\u00a0\u00bbgrid\u00a0\u00bb text_align=\u00a0\u00bbleft\u00a0\u00bb background_animation=\u00a0\u00bbnone\u00a0\u00bb css_animation=\u00a0\u00bb\u00a0\u00bb css=\u00a0\u00bb.vc_custom_1596097507254{background-color: #050505...\" \/>\n<meta property=\"og:url\" content=\"https:\/\/www.cartopsis.com\/fr\/blog\/\" \/>\n<meta property=\"og:site_name\" content=\"Cartopsis\" \/>\n<meta property=\"article:modified_time\" content=\"2020-09-14T18:46:30+00:00\" \/>\n<meta property=\"og:image\" content=\"https:\/\/www.cartopsis.com\/wp-content\/uploads\/2020\/01\/worldatlas-300x175.jpg\" \/>\n<meta name=\"twitter:card\" content=\"summary_large_image\" \/>\n<script type=\"application\/ld+json\" class=\"yoast-schema-graph\">{\"@context\":\"https:\/\/schema.org\",\"@graph\":[{\"@type\":\"WebSite\",\"@id\":\"https:\/\/www.cartopsis.com\/fr\/#website\",\"url\":\"https:\/\/www.cartopsis.com\/fr\/\",\"name\":\"Cartopsis\",\"description\":\"Cartographie Thematique\",\"potentialAction\":[{\"@type\":\"SearchAction\",\"target\":\"https:\/\/www.cartopsis.com\/fr\/?s={search_term_string}\",\"query-input\":\"required name=search_term_string\"}],\"inLanguage\":\"fr-FR\"},{\"@type\":\"ImageObject\",\"@id\":\"https:\/\/www.cartopsis.com\/fr\/blog\/#primaryimage\",\"inLanguage\":\"fr-FR\",\"url\":\"https:\/\/www.cartopsis.com\/wp-content\/uploads\/2020\/01\/worldatlas.jpg\",\"width\":728,\"height\":425},{\"@type\":\"WebPage\",\"@id\":\"https:\/\/www.cartopsis.com\/fr\/blog\/#webpage\",\"url\":\"https:\/\/www.cartopsis.com\/fr\/blog\/\",\"name\":\"Blog - Cartopsis\",\"isPartOf\":{\"@id\":\"https:\/\/www.cartopsis.com\/fr\/#website\"},\"primaryImageOfPage\":{\"@id\":\"https:\/\/www.cartopsis.com\/fr\/blog\/#primaryimage\"},\"datePublished\":\"2019-09-30T11:09:09+00:00\",\"dateModified\":\"2020-09-14T18:46:30+00:00\",\"inLanguage\":\"fr-FR\",\"potentialAction\":[{\"@type\":\"ReadAction\",\"target\":[\"https:\/\/www.cartopsis.com\/fr\/blog\/\"]}]}]}<\/script>\n<!-- \/ Yoast SEO plugin. -->","_links":{"self":[{"href":"https:\/\/www.cartopsis.com\/fr\/wp-json\/wp\/v2\/pages\/21805"}],"collection":[{"href":"https:\/\/www.cartopsis.com\/fr\/wp-json\/wp\/v2\/pages"}],"about":[{"href":"https:\/\/www.cartopsis.com\/fr\/wp-json\/wp\/v2\/types\/page"}],"author":[{"embeddable":true,"href":"https:\/\/www.cartopsis.com\/fr\/wp-json\/wp\/v2\/users\/1"}],"replies":[{"embeddable":true,"href":"https:\/\/www.cartopsis.com\/fr\/wp-json\/wp\/v2\/comments?post=21805"}],"version-history":[{"count":21,"href":"https:\/\/www.cartopsis.com\/fr\/wp-json\/wp\/v2\/pages\/21805\/revisions"}],"predecessor-version":[{"id":23335,"href":"https:\/\/www.cartopsis.com\/fr\/wp-json\/wp\/v2\/pages\/21805\/revisions\/23335"}],"wp:attachment":[{"href":"https:\/\/www.cartopsis.com\/fr\/wp-json\/wp\/v2\/media?parent=21805"}],"curies":[{"name":"wp","href":"https:\/\/api.w.org\/{rel}","templated":true}]}}